{"id":3071,"date":"2021-12-21T16:18:35","date_gmt":"2021-12-21T15:18:35","guid":{"rendered":"http:\/\/www.fliesen-alto.com\/?post_type=product&#038;p=3071"},"modified":"2023-02-01T12:37:35","modified_gmt":"2023-02-01T11:37:35","slug":"sperr-und-haftgrund-lf","status":"publish","type":"product","link":"https:\/\/fliesen-alto.de\/?product=sperr-und-haftgrund-lf","title":{"rendered":"Sperr- und Haftgrund LF"},"content":{"rendered":"<p>L\u00f6semittelfreie Kunstharzdispersion als verseifungsbest\u00e4ndige Grundierung f\u00fcr alle mineralischen Untergr\u00fcnde als Saugminderung und Haftvoranstrich f\u00fcr schwach saugende und saugende Untergr\u00fcnde. Als Feuchtigkeitsschutz f\u00fcr calciumsulfatgebundene Untergr\u00fcnde, f\u00fcr Innen und Au\u00dfen, Wand und Boden.<\/p>\n<p>Rywalit\u00ae Sperr- und Haftgrund LF ist eine Spezialgrundierung zum Vorbehandeln und Sch\u00fctzen von feuchtigkeitsempfindlichen<br \/>\nUntergr\u00fcnden, wie z.B. Gipsputzen, Calciumsulfat(flie\u00df)estrichen oder Holzuntergr\u00fcnden.<br \/>\nDie Saugf\u00e4higkeit des Untergrundes wird stark reduziert, Feuchtigkeit aus den zement\u00e4ren Verlegewerkstoffen kann so nicht mehr in den<br \/>\nUntergrund eindringen, das gilt insbesondere bei gro\u00dfformatigen Fliesen (max. 100cm x 100cm) auf Calciumsulfatestrichen in Kombination<br \/>\nmit den schnell abbindenden Rywalit\u00ae Flex-Fliesen- und Natursteinklebern mit kristalliner Wasserbindung.<br \/>\nRywalit\u00ae Sperr- und Haftgrund LF besitzt ein sehr gutes Eindringverm\u00f6gen, ist schnell trocknend und verbessert die Haftf\u00e4higkeit von<br \/>\nzement\u00e4ren Spachtelmassen, Verbundabdichtungen und zementgebundenen Fliesen- und Naturstein Klebem\u00f6rteln.<br \/>\nBei Anwendungen im Au\u00dfenbereich, ist die Grundierung durch eine flexible Dichtungsschl\u00e4mme (z.B. Rywalit\u00ae DS 99 X) zu sch\u00fctzen.<\/p>\n","protected":false},"excerpt":{"rendered":"<p><img loading=\"lazy\" decoding=\"async\" class=\"alignnone wp-image-2672 size-full\" src=\"http:\/\/www.fliesen-alto.com\/wp-content\/uploads\/2021\/03\/rywalit-e1616015385500.jpg\" alt=\"\" width=\"150\" height=\"28\" \/><\/p>\n<p><strong>Lieferform: 5 Liter\/12 Liter Gebinde<br \/>\n<\/strong><\/p>\n<p>Grundierung. L\u00f6semittelfreie Kunstharzdispersion als verseifungsbest\u00e4ndige Grundierung f\u00fcr alle mineralischen Untergr\u00fcnde als Saugminderung und Haftvoranstrich f\u00fcr schwach saugende und saugende Untergr\u00fcnde.<\/p>\n<p><strong>Download:<\/strong> <a href=\"http:\/\/www.fliesen-alto.com\/wp-content\/uploads\/2021\/12\/DE_Rywalit-Sperr-und-Haftgrund_2002-77-1585652010.pdf\" target=\"_blank\" rel=\"noopener\">Produktblatt Sperr-und-Haftgrund LF<\/a><\/p>\n","protected":false},"featured_media":3074,"comment_status":"closed","ping_status":"closed","template":"","meta":[],"product_brand":[],"product_cat":[92],"product_tag":[161,162,168],"class_list":{"0":"post-3071","1":"product","2":"type-product","3":"status-publish","4":"has-post-thumbnail","6":"product_cat-grundierung-und-abdichtung","7":"product_tag-grundierung","8":"product_tag-haftgrund","9":"product_tag-sperrgrund","11":"first","12":"instock","13":"taxable","14":"shipping-taxable","15":"purchasable","16":"product-type-variable","17":"has-default-attributes"},"jetpack_sharing_enabled":true,"_links":{"self":[{"href":"https:\/\/fliesen-alto.de\/index.php?rest_route=\/wp\/v2\/product\/3071","targetHints":{"allow":["GET"]}}],"collection":[{"href":"https:\/\/fliesen-alto.de\/index.php?rest_route=\/wp\/v2\/product"}],"about":[{"href":"https:\/\/fliesen-alto.de\/index.php?rest_route=\/wp\/v2\/types\/product"}],"replies":[{"embeddable":true,"href":"https:\/\/fliesen-alto.de\/index.php?rest_route=%2Fwp%2Fv2%2Fcomments&post=3071"}],"wp:featuredmedia":[{"embeddable":true,"href":"https:\/\/fliesen-alto.de\/index.php?rest_route=\/wp\/v2\/media\/3074"}],"wp:attachment":[{"href":"https:\/\/fliesen-alto.de\/index.php?rest_route=%2Fwp%2Fv2%2Fmedia&parent=3071"}],"wp:term":[{"taxonomy":"product_brand","embeddable":true,"href":"https:\/\/fliesen-alto.de\/index.php?rest_route=%2Fwp%2Fv2%2Fproduct_brand&post=3071"},{"taxonomy":"product_cat","embeddable":true,"href":"https:\/\/fliesen-alto.de\/index.php?rest_route=%2Fwp%2Fv2%2Fproduct_cat&post=3071"},{"taxonomy":"product_tag","embeddable":true,"href":"https:\/\/fliesen-alto.de\/index.php?rest_route=%2Fwp%2Fv2%2Fproduct_tag&post=3071"}],"curies":[{"name":"wp","href":"https:\/\/api.w.org\/{rel}","templated":true}]}}