{"id":3066,"date":"2021-12-20T16:26:35","date_gmt":"2021-12-20T15:26:35","guid":{"rendered":"http:\/\/www.fliesen-alto.com\/?post_type=product&#038;p=3066"},"modified":"2023-02-01T14:43:44","modified_gmt":"2023-02-01T13:43:44","slug":"tiefengrund-rapid-lf","status":"publish","type":"product","link":"https:\/\/fliesen-alto.de\/?product=tiefengrund-rapid-lf","title":{"rendered":"Tiefengrund RAPID LF"},"content":{"rendered":"<p>L\u00f6semittelfreie Feindispersion zum schnellverfilmenden, feuchtigkeitsbremsenden Grundieren und Verfestigen von allen saugf\u00e4higen, mineralischen Untergr\u00fcnden, kurze Abl\u00fcft- und Trocknungszeit.<\/p>\n<p>Rywalit\u00ae Tiefengrund Rapid LF eignet sich besonders als schnelle, feuchtigkeitssperrende Grundierung auf saugenden mineralischen Untergr\u00fcnden und zur Verfestigung von leicht sandenden Oberfl\u00e4chen.<br \/>\nRywalit\u00ae Tiefengrund Rapid LF verf\u00fcgt \u00fcber eine schnelle Reaktionszeit und ist bereits nach 1 Stunde \u00fcberarbeitbar, verbessert den Haftverbund, reduziert das Saugverhalten des Untergrundes und gleicht unterschiedliches Saugverhalten aus.<br \/>\nZur Untergrundvorbehandlung bei allen Rywalit\u00ae Verbundabdichtungen, Nivellier- und Spachtelmassen, D\u00fcnn- und Mittelbettm\u00f6rteln. Rywalit\u00ae Tiefengrund Rapid LF verhindert Blasenbildung und einen zu schnellen Wasserentzug. Bei Anwendung im Au\u00dfenbereich ist die Grundierung durch eine flexible Dichtungsschl\u00e4mme (z.B. Rywalit\u00ae DS 99 X) zu sch\u00fctzen.<\/p>\n","protected":false},"excerpt":{"rendered":"<p><img loading=\"lazy\" decoding=\"async\" class=\"alignnone wp-image-2672 size-full\" src=\"http:\/\/www.fliesen-alto.com\/wp-content\/uploads\/2021\/03\/rywalit-e1616015385500.jpg\" alt=\"\" width=\"150\" height=\"28\" \/><\/p>\n<p><strong>Lieferform: 5 Liter\/12 Liter Gebinde<br \/>\n<\/strong><\/p>\n<p>Grundierung. L\u00f6semittelfreie Feindispersion zum schnellverfilmenden, feuchtigkeitsbremsenden Grundieren und Verfestigen von allen saugf\u00e4higen, mineralischen Untergr\u00fcnden, kurze Abl\u00fcft- und Trocknungszeit.<\/p>\n<p><strong>Download:<\/strong> <a href=\"http:\/\/www.fliesen-alto.com\/wp-content\/uploads\/2021\/12\/DE_Rywalit-Tiefengrund-Rapid_2002-355-1585652064.pdf\" target=\"_blank\" rel=\"noopener\">Produktblatt Tiefengrund RAPID LF<\/a><\/p>\n","protected":false},"featured_media":3199,"comment_status":"closed","ping_status":"closed","template":"","meta":[],"product_brand":[],"product_cat":[92],"product_tag":[161],"class_list":{"0":"post-3066","1":"product","2":"type-product","3":"status-publish","4":"has-post-thumbnail","6":"product_cat-grundierung-und-abdichtung","7":"product_tag-grundierung","9":"first","10":"instock","11":"taxable","12":"shipping-taxable","13":"purchasable","14":"product-type-variable","15":"has-default-attributes"},"jetpack_sharing_enabled":true,"_links":{"self":[{"href":"https:\/\/fliesen-alto.de\/index.php?rest_route=\/wp\/v2\/product\/3066","targetHints":{"allow":["GET"]}}],"collection":[{"href":"https:\/\/fliesen-alto.de\/index.php?rest_route=\/wp\/v2\/product"}],"about":[{"href":"https:\/\/fliesen-alto.de\/index.php?rest_route=\/wp\/v2\/types\/product"}],"replies":[{"embeddable":true,"href":"https:\/\/fliesen-alto.de\/index.php?rest_route=%2Fwp%2Fv2%2Fcomments&post=3066"}],"wp:featuredmedia":[{"embeddable":true,"href":"https:\/\/fliesen-alto.de\/index.php?rest_route=\/wp\/v2\/media\/3199"}],"wp:attachment":[{"href":"https:\/\/fliesen-alto.de\/index.php?rest_route=%2Fwp%2Fv2%2Fmedia&parent=3066"}],"wp:term":[{"taxonomy":"product_brand","embeddable":true,"href":"https:\/\/fliesen-alto.de\/index.php?rest_route=%2Fwp%2Fv2%2Fproduct_brand&post=3066"},{"taxonomy":"product_cat","embeddable":true,"href":"https:\/\/fliesen-alto.de\/index.php?rest_route=%2Fwp%2Fv2%2Fproduct_cat&post=3066"},{"taxonomy":"product_tag","embeddable":true,"href":"https:\/\/fliesen-alto.de\/index.php?rest_route=%2Fwp%2Fv2%2Fproduct_tag&post=3066"}],"curies":[{"name":"wp","href":"https:\/\/api.w.org\/{rel}","templated":true}]}}