{"id":2961,"date":"2021-12-16T10:11:09","date_gmt":"2021-12-16T09:11:09","guid":{"rendered":"http:\/\/www.fliesen-alto.com\/?post_type=product&#038;p=2961"},"modified":"2023-02-01T15:33:06","modified_gmt":"2023-02-01T14:33:06","slug":"haft-und-kontaktgrund-grundierung","status":"publish","type":"product","link":"https:\/\/fliesen-alto.de\/?product=haft-und-kontaktgrund-grundierung","title":{"rendered":"Haft- und Kontaktgrund"},"content":{"rendered":"<p>L\u00f6sungsmittelfreie, mit haftverbessernden F\u00fcllstoffen optimierte Haftbr\u00fccke auf Styrol-Butadien-Basis f\u00fcr alle glatten, dichten u. nicht saugf\u00e4higen Untergr\u00fcnden wie glasierte Fliesen, Stahl, Glas, Gussasphaltestriche, Betonwerkstein, festanhaftende Klebstoffreste von Hart-PVC und Linoleumbel\u00e4gen, Holzdielen, f\u00fcr Innen, Wand- und Bodenbereich, schafft einen sicheren Verbund von nachfolgenden Beschichtungen und D\u00fcnnbettm\u00f6rteln.<\/p>\n<p>Rywalit\u00ae Haft- und Kontaktgrund dient als schnell trocknende Haftbr\u00fccke und Grundierung f\u00fcr z.B. Rywalit\u00ae Fliesenkleber, Ausgleichsund Spachtelmassen bei nicht- oder wenig saugenden, geschlossen porigen Untergr\u00fcnden. Auch geeignet bei Holzuntergr\u00fcnden und<br \/>\nalten Klebstoffresten von Teppichb\u00f6den, PVC oder Parkett. Durch den Auftrag von Rywalit\u00ae Haft- und Kontaktgrund wird eine griffige, gut<br \/>\nanhaftende Oberfl\u00e4che f\u00fcr die nachfolgenden Beschichtungs- oder Verlegearbeiten geschaffen.<br \/>\nBei saugenden Untergr\u00fcnden ist Rywalit\u00ae Haft- und Kontaktgrund 1 zu 1 mit Wasser zu verd\u00fcnnen.<br \/>\nBei Anwendung im Au\u00dfenbereich, ist die Grundierung durch eine flexible Dichtungsschl\u00e4mme (z.B. Rywalit\u00ae DS 99 X) zu sch\u00fctzen.<\/p>\n","protected":false},"excerpt":{"rendered":"<p><img loading=\"lazy\" decoding=\"async\" class=\"alignnone wp-image-2672 size-full\" src=\"http:\/\/www.fliesen-alto.com\/wp-content\/uploads\/2021\/03\/rywalit-e1616015385500.jpg\" alt=\"\" width=\"150\" height=\"28\" \/><\/p>\n<p><strong>Lieferform: 1 kg \/4 kg \/ 10 kg Eimer<br \/>\n<\/strong><\/p>\n<p>Grundierung. L\u00f6sungsmittelfreie, mit haftverbessernden F\u00fcllstoffen optimierte Haftbr\u00fccke auf Styrol-Butadien-Basis f\u00fcr alle glatten, dichten u. nicht saugf\u00e4higen Untergr\u00fcnden.<\/p>\n<p><strong>Download:<\/strong> <a href=\"http:\/\/www.fliesen-alto.com\/wp-content\/uploads\/2021\/12\/DE_Rywalit-Haft-und-Kontakt_2002-66-1585651737.pdf\" target=\"_blank\" rel=\"noopener\">Produktblatt Haft-und-Kontaktgrund<\/a><\/p>\n","protected":false},"featured_media":3033,"comment_status":"closed","ping_status":"closed","template":"","meta":[],"product_brand":[],"product_cat":[92],"product_tag":[161,162,163],"class_list":{"0":"post-2961","1":"product","2":"type-product","3":"status-publish","4":"has-post-thumbnail","6":"product_cat-grundierung-und-abdichtung","7":"product_tag-grundierung","8":"product_tag-haftgrund","9":"product_tag-kontaktgrund","11":"first","12":"instock","13":"taxable","14":"shipping-taxable","15":"purchasable","16":"product-type-variable","17":"has-default-attributes"},"jetpack_sharing_enabled":true,"_links":{"self":[{"href":"https:\/\/fliesen-alto.de\/index.php?rest_route=\/wp\/v2\/product\/2961","targetHints":{"allow":["GET"]}}],"collection":[{"href":"https:\/\/fliesen-alto.de\/index.php?rest_route=\/wp\/v2\/product"}],"about":[{"href":"https:\/\/fliesen-alto.de\/index.php?rest_route=\/wp\/v2\/types\/product"}],"replies":[{"embeddable":true,"href":"https:\/\/fliesen-alto.de\/index.php?rest_route=%2Fwp%2Fv2%2Fcomments&post=2961"}],"wp:featuredmedia":[{"embeddable":true,"href":"https:\/\/fliesen-alto.de\/index.php?rest_route=\/wp\/v2\/media\/3033"}],"wp:attachment":[{"href":"https:\/\/fliesen-alto.de\/index.php?rest_route=%2Fwp%2Fv2%2Fmedia&parent=2961"}],"wp:term":[{"taxonomy":"product_brand","embeddable":true,"href":"https:\/\/fliesen-alto.de\/index.php?rest_route=%2Fwp%2Fv2%2Fproduct_brand&post=2961"},{"taxonomy":"product_cat","embeddable":true,"href":"https:\/\/fliesen-alto.de\/index.php?rest_route=%2Fwp%2Fv2%2Fproduct_cat&post=2961"},{"taxonomy":"product_tag","embeddable":true,"href":"https:\/\/fliesen-alto.de\/index.php?rest_route=%2Fwp%2Fv2%2Fproduct_tag&post=2961"}],"curies":[{"name":"wp","href":"https:\/\/api.w.org\/{rel}","templated":true}]}}