{"id":2954,"date":"2021-12-14T16:26:41","date_gmt":"2021-12-14T15:26:41","guid":{"rendered":"http:\/\/www.fliesen-alto.com\/?post_type=product&#038;p=2954"},"modified":"2023-02-01T15:34:56","modified_gmt":"2023-02-01T14:34:56","slug":"tiefengrund-lf-grundierung","status":"publish","type":"product","link":"https:\/\/fliesen-alto.de\/?product=tiefengrund-lf-grundierung","title":{"rendered":"Tiefengrund LF"},"content":{"rendered":"<p>L\u00f6semittelfreie Feindispersion zum Grundieren und Verfestigen von allen mineralischen Untergr\u00fcnden, an Wand und Boden, im Innen- und Au\u00dfenbereich.<\/p>\n<p>Rywalit\u00ae Tiefengrund LF eignet sich besonders als feuchtigkeitssperrende Grundierung auf saugenden mineralischen Untergr\u00fcnden und zur<br \/>\nVerfestigung von leicht sandenden Oberfl\u00e4chen.<br \/>\nRywalit\u00ae Tiefengrund LF verbessert den Haftverbund, reduziert das Saugverhalten des Untergrundes und gleicht unterschiedliches<br \/>\nSaugverhalten aus.<br \/>\nZur Untergrundvorbehandlung bei allen Rywalit\u00ae Verbundabdichtungen, Nivellier- und Spachtelmassen, D\u00fcnn- und Mittelbettm\u00f6rteln.<br \/>\nTiefengrund LF verhindert Blasenbildung und einen zu schnellen Wasserentzug.<\/p>\n","protected":false},"excerpt":{"rendered":"<p><img loading=\"lazy\" decoding=\"async\" class=\"alignnone wp-image-2672 size-full\" src=\"http:\/\/www.fliesen-alto.com\/wp-content\/uploads\/2021\/03\/rywalit-e1616015385500.jpg\" alt=\"\" width=\"150\" height=\"28\" \/><\/p>\n<p><strong>Lieferform: 5 Liter\/12 Liter Gebinde<br \/>\n<\/strong><\/p>\n<p>Grundierung. Flexibler, zement\u00e4rer, schnell erh\u00e4rtender und belastbarer Fugenm\u00f6rtel. Frostsicher, hochergiebig, zum leichtg\u00e4ngigen,<br \/>\nfarbbrillanten Verfugen.<\/p>\n<p><strong>Download:<\/strong> <a href=\"http:\/\/www.fliesen-alto.com\/wp-content\/uploads\/2021\/12\/DE_Rywalit-Tiefengrund_2002-42-1585652075.pdf\" target=\"_blank\" rel=\"noopener\">Produktblatt Tiefengrund LF<\/a><\/p>\n","protected":false},"featured_media":2947,"comment_status":"closed","ping_status":"closed","template":"","meta":[],"product_brand":[],"product_cat":[92],"product_tag":[161],"class_list":{"0":"post-2954","1":"product","2":"type-product","3":"status-publish","4":"has-post-thumbnail","6":"product_cat-grundierung-und-abdichtung","7":"product_tag-grundierung","9":"first","10":"instock","11":"taxable","12":"shipping-taxable","13":"purchasable","14":"product-type-variable","15":"has-default-attributes"},"jetpack_sharing_enabled":true,"_links":{"self":[{"href":"https:\/\/fliesen-alto.de\/index.php?rest_route=\/wp\/v2\/product\/2954","targetHints":{"allow":["GET"]}}],"collection":[{"href":"https:\/\/fliesen-alto.de\/index.php?rest_route=\/wp\/v2\/product"}],"about":[{"href":"https:\/\/fliesen-alto.de\/index.php?rest_route=\/wp\/v2\/types\/product"}],"replies":[{"embeddable":true,"href":"https:\/\/fliesen-alto.de\/index.php?rest_route=%2Fwp%2Fv2%2Fcomments&post=2954"}],"wp:featuredmedia":[{"embeddable":true,"href":"https:\/\/fliesen-alto.de\/index.php?rest_route=\/wp\/v2\/media\/2947"}],"wp:attachment":[{"href":"https:\/\/fliesen-alto.de\/index.php?rest_route=%2Fwp%2Fv2%2Fmedia&parent=2954"}],"wp:term":[{"taxonomy":"product_brand","embeddable":true,"href":"https:\/\/fliesen-alto.de\/index.php?rest_route=%2Fwp%2Fv2%2Fproduct_brand&post=2954"},{"taxonomy":"product_cat","embeddable":true,"href":"https:\/\/fliesen-alto.de\/index.php?rest_route=%2Fwp%2Fv2%2Fproduct_cat&post=2954"},{"taxonomy":"product_tag","embeddable":true,"href":"https:\/\/fliesen-alto.de\/index.php?rest_route=%2Fwp%2Fv2%2Fproduct_tag&post=2954"}],"curies":[{"name":"wp","href":"https:\/\/api.w.org\/{rel}","templated":true}]}}