{"id":2861,"date":"2021-12-10T15:33:20","date_gmt":"2021-12-10T14:33:20","guid":{"rendered":"http:\/\/www.fliesen-alto.com\/?post_type=product&#038;p=2861"},"modified":"2023-02-01T16:30:15","modified_gmt":"2023-02-01T15:30:15","slug":"pf-perlfuge","status":"publish","type":"product","link":"https:\/\/fliesen-alto.de\/?product=pf-perlfuge","title":{"rendered":"PF Perlfuge"},"content":{"rendered":"<p>Zement\u00e4rer, wasser- und schmutzabweisender Fugenm\u00f6rtel bis 5 mm breite Fugen, flexibel, mit Abperleffekt, zum Verfugen von keramischen Bel\u00e4gen im Innen- und Au\u00dfenbereich, speziell geeignet in Feucht- und Nassr\u00e4ume, erf\u00fcllt die CG 2 ArW &#8211; Anforderungen der EN 13888<\/p>\n<p>Rywalit\u00ae PF Perlfuge ist ein hydraulisch erh\u00e4rtender Fugenm\u00f6rtel mit feiner Fugenoberfl\u00e4che und hoher Farbbest\u00e4ndigkeit, f\u00fcr ein<br \/>\nlanganhaltendes sch\u00f6nes Fugenbild.<br \/>\nDurch die Verwendung hochwertiger, DIN-Normen entsprechenden Rohstoffen und einer homogenen Mischung der Perlfuge wird<br \/>\ngleichbleibende Qualit\u00e4t und ein gleichm\u00e4\u00dfiger Farbton gew\u00e4hrleistet.<br \/>\nDie Rywalit\u00ae PF Perlfuge zeichnet sich durch sehr gute Verarbeitungseigenschaften aus und eignet sich insbesondere zum Ausfugen<br \/>\nsaugender keramischer Wand- und Bodenfliesen.<br \/>\nZum Verfugen von schwach- und nicht saugender Keramik empfehlen wir die Rywalit\u00ae FF X Plus Flex-Fuge und in chemisch beanspruchten<br \/>\nBereichen (Molkereien, Brauereien usw.) unseren Rywapox Epoxidharz-Fugenm\u00f6rtel.<\/p>\n","protected":false},"excerpt":{"rendered":"<p><img loading=\"lazy\" decoding=\"async\" class=\"alignnone wp-image-2672 size-full\" src=\"http:\/\/www.fliesen-alto.com\/wp-content\/uploads\/2021\/03\/rywalit-e1616015385500.jpg\" alt=\"\" width=\"150\" height=\"28\" \/><\/p>\n<p><strong>Lieferform: 5 kg Beutel\/25 kg Sack<br \/>\n<\/strong><\/p>\n<p>PF Perlfuge. Zement\u00e4rer, wasser- und schmutzabweisender Fugenm\u00f6rtel, mit Abperleffekt,<br \/>\nflexibel, zum Verfugen von keramischen Bel\u00e4gen.<\/p>\n<p><strong>Download:<\/strong> <a href=\"http:\/\/www.fliesen-alto.com\/wp-content\/uploads\/2021\/12\/DE_Rywalit-PF-Perlfuge-28-1620194746.pdf\" target=\"_blank\" rel=\"noopener\">Produktblatt PF Perlfuge<\/a><\/p>\n<p><img loading=\"lazy\" decoding=\"async\" class=\"alignnone size-full wp-image-2933\" src=\"http:\/\/www.fliesen-alto.com\/wp-content\/uploads\/2021\/12\/cg2-e1639486925478.jpg\" alt=\"\" width=\"80\" height=\"80\" \/> \u00a0 <img loading=\"lazy\" decoding=\"async\" class=\"alignnone size-full wp-image-2827\" src=\"http:\/\/www.fliesen-alto.com\/wp-content\/uploads\/2021\/12\/ec1plus-e1639046436875.jpg\" alt=\"\" width=\"80\" height=\"80\" \/><\/p>\n","protected":false},"featured_media":2939,"comment_status":"closed","ping_status":"closed","template":"","meta":[],"product_brand":[],"product_cat":[93],"product_tag":[136,138,139],"class_list":{"0":"post-2861","1":"product","2":"type-product","3":"status-publish","4":"has-post-thumbnail","6":"product_cat-fuge-und-silikon","7":"product_tag-abdichtung","8":"product_tag-fuge","9":"product_tag-perlfuge","11":"first","12":"instock","13":"taxable","14":"shipping-taxable","15":"purchasable","16":"product-type-variable","17":"has-default-attributes"},"jetpack_sharing_enabled":true,"_links":{"self":[{"href":"https:\/\/fliesen-alto.de\/index.php?rest_route=\/wp\/v2\/product\/2861","targetHints":{"allow":["GET"]}}],"collection":[{"href":"https:\/\/fliesen-alto.de\/index.php?rest_route=\/wp\/v2\/product"}],"about":[{"href":"https:\/\/fliesen-alto.de\/index.php?rest_route=\/wp\/v2\/types\/product"}],"replies":[{"embeddable":true,"href":"https:\/\/fliesen-alto.de\/index.php?rest_route=%2Fwp%2Fv2%2Fcomments&post=2861"}],"wp:featuredmedia":[{"embeddable":true,"href":"https:\/\/fliesen-alto.de\/index.php?rest_route=\/wp\/v2\/media\/2939"}],"wp:attachment":[{"href":"https:\/\/fliesen-alto.de\/index.php?rest_route=%2Fwp%2Fv2%2Fmedia&parent=2861"}],"wp:term":[{"taxonomy":"product_brand","embeddable":true,"href":"https:\/\/fliesen-alto.de\/index.php?rest_route=%2Fwp%2Fv2%2Fproduct_brand&post=2861"},{"taxonomy":"product_cat","embeddable":true,"href":"https:\/\/fliesen-alto.de\/index.php?rest_route=%2Fwp%2Fv2%2Fproduct_cat&post=2861"},{"taxonomy":"product_tag","embeddable":true,"href":"https:\/\/fliesen-alto.de\/index.php?rest_route=%2Fwp%2Fv2%2Fproduct_tag&post=2861"}],"curies":[{"name":"wp","href":"https:\/\/api.w.org\/{rel}","templated":true}]}}