{"id":2705,"date":"2021-03-27T21:52:48","date_gmt":"2021-03-27T20:52:48","guid":{"rendered":"http:\/\/www.fliesen-alto.com\/?post_type=product&#038;p=2705"},"modified":"2023-02-07T20:57:58","modified_gmt":"2023-02-07T19:57:58","slug":"rywalit-flex-fliesenkleber-fk-x-30plus","status":"publish","type":"product","link":"https:\/\/fliesen-alto.de\/?product=rywalit-flex-fliesenkleber-fk-x-30plus","title":{"rendered":"Flex-Fliesenkleber FK X 30Plus"},"content":{"rendered":"<p><span dir=\"ltr\">Rywalit<\/span><span dir=\"ltr\">\u00ae<\/span><span dir=\"ltr\"> FK X 30Plus Leicht-Flex-Fliesenkleber ist extrem leicht und geschmeidig zu verarbeiten. Der FK X 30Plus hat durch seine <\/span><span dir=\"ltr\">besondere Leicht-F\u00fcllstoffkombination eine 30% h\u00f6here Fl\u00e4chenleistung als unser FK X Flex-Fliesenkleber. Der Rywalit<\/span><span dir=\"ltr\">\u00ae<\/span><span dir=\"ltr\"> FK X 30Plus ist <\/span><span dir=\"ltr\">besonders standfest und kann variabel, als D\u00fcnnbett-, Flie\u00dfbettkleber und als Mittelbettm\u00f6rtel eingestellt werden. Sehr gut geeignet zur <\/span><span dir=\"ltr\">Verklebung von gro\u00dfformatiger Keramik. Der Rywalit<\/span><span dir=\"ltr\">\u00ae<\/span><span dir=\"ltr\"> FK X 30Plus eignet sich zum Verkleben von Wand- und Bodenplatten, insbesondere <\/span><span dir=\"ltr\">Feinsteinzeugfliesen, Mosaik und Glasmosaik, Spaltplatten und -riemchen, sowie verf\u00e4rbungs- und verformungsunempfindliche Natur- und <\/span><span dir=\"ltr\">Kunststeinplatten.<\/span><span dir=\"ltr\">In Wohnbereichen, Gewerbe- und Industrie sowie Feucht- und Nassr\u00e4umen, im Au\u00dfenbereich auf Balkonen und Terrassen, zur Verklebung <\/span><span dir=\"ltr\">unserer Technicel<\/span><span dir=\"ltr\">\u00ae<\/span><span dir=\"ltr\">-Rywalit<\/span><span dir=\"ltr\">\u00ae<\/span><span dir=\"ltr\"> Dichtbahn, der Technicel<\/span><span dir=\"ltr\">\u00ae<\/span><span dir=\"ltr\"> Entkopplungsbahn TEM 100 und der TECHNICEL<\/span><span dir=\"ltr\">\u00ae<\/span><span dir=\"ltr\"> Entkopplungs- und Abdichtungsbahn <\/span><span dir=\"ltr\">TEAM 10<\/span>0.<\/p>\n<p>Trocken lagern, im verschlossenen Originalgebinde: 12 Monate lagerf\u00e4hig.<\/p>\n<p>&nbsp;<\/p>\n","protected":false},"excerpt":{"rendered":"<p><img loading=\"lazy\" decoding=\"async\" class=\"alignnone wp-image-2672 size-full\" src=\"http:\/\/www.fliesen-alto.com\/wp-content\/uploads\/2021\/03\/rywalit-e1616015385500.jpg\" alt=\"\" width=\"150\" height=\"28\" \/><\/p>\n<p><strong>Lieferform: 18 kg Sack<\/strong><\/p>\n<p>Hochergiebiger, flexibler Klebem\u00f6rtel gem\u00e4\u00df DIN 12004 C 2 TE S 1, f\u00fcr innen und au\u00dfen, universell einsetzbar, wasser-, wetter- und frostfest, speziell f\u00fcr die Verklebung von Heizestrichen, Terrassen, Balkonen etc. und f\u00fcr Feinsteinzeug geeignet<\/p>\n<p><strong>Download:<\/strong> <a href=\"http:\/\/www.fliesen-alto.com\/wp-content\/uploads\/2021\/03\/DE_Rywalit_FK-X-30-Plus_1912-5-1585652153.pdf\" target=\"_blank\" rel=\"noopener\">Produktblatt Fliesenkleber FK X 30Plus<\/a><\/p>\n<p><img loading=\"lazy\" decoding=\"async\" class=\"alignnone size-full wp-image-2683\" src=\"http:\/\/www.fliesen-alto.com\/wp-content\/uploads\/2021\/03\/c2tes1-e1616017423199.jpg\" alt=\"\" width=\"80\" height=\"80\" \/> <img loading=\"lazy\" decoding=\"async\" class=\"alignnone wp-image-2684 size-full\" src=\"http:\/\/www.fliesen-alto.com\/wp-content\/uploads\/2021\/03\/flexmoertel-e1616017496158.jpg\" alt=\"\" width=\"116\" height=\"80\" \/><\/p>\n","protected":false},"featured_media":2706,"comment_status":"closed","ping_status":"closed","template":"","meta":[],"product_brand":[],"product_cat":[91],"product_tag":[102,97,98],"class_list":{"0":"post-2705","1":"product","2":"type-product","3":"status-publish","4":"has-post-thumbnail","6":"product_cat-fliesenkleber","7":"product_tag-fk-x-30plus","8":"product_tag-fliesenkleber","9":"product_tag-kleber","11":"first","12":"instock","13":"taxable","14":"shipping-taxable","15":"purchasable","16":"product-type-simple"},"jetpack_sharing_enabled":true,"_links":{"self":[{"href":"https:\/\/fliesen-alto.de\/index.php?rest_route=\/wp\/v2\/product\/2705","targetHints":{"allow":["GET"]}}],"collection":[{"href":"https:\/\/fliesen-alto.de\/index.php?rest_route=\/wp\/v2\/product"}],"about":[{"href":"https:\/\/fliesen-alto.de\/index.php?rest_route=\/wp\/v2\/types\/product"}],"replies":[{"embeddable":true,"href":"https:\/\/fliesen-alto.de\/index.php?rest_route=%2Fwp%2Fv2%2Fcomments&post=2705"}],"wp:featuredmedia":[{"embeddable":true,"href":"https:\/\/fliesen-alto.de\/index.php?rest_route=\/wp\/v2\/media\/2706"}],"wp:attachment":[{"href":"https:\/\/fliesen-alto.de\/index.php?rest_route=%2Fwp%2Fv2%2Fmedia&parent=2705"}],"wp:term":[{"taxonomy":"product_brand","embeddable":true,"href":"https:\/\/fliesen-alto.de\/index.php?rest_route=%2Fwp%2Fv2%2Fproduct_brand&post=2705"},{"taxonomy":"product_cat","embeddable":true,"href":"https:\/\/fliesen-alto.de\/index.php?rest_route=%2Fwp%2Fv2%2Fproduct_cat&post=2705"},{"taxonomy":"product_tag","embeddable":true,"href":"https:\/\/fliesen-alto.de\/index.php?rest_route=%2Fwp%2Fv2%2Fproduct_tag&post=2705"}],"curies":[{"name":"wp","href":"https:\/\/api.w.org\/{rel}","templated":true}]}}