{"id":2701,"date":"2021-03-27T21:28:36","date_gmt":"2021-03-27T20:28:36","guid":{"rendered":"http:\/\/www.fliesen-alto.com\/?post_type=product&#038;p=2701"},"modified":"2023-02-07T20:57:05","modified_gmt":"2023-02-07T19:57:05","slug":"rywalit-flex-fliesenkleber-fk-x-mega","status":"publish","type":"product","link":"https:\/\/fliesen-alto.de\/?product=rywalit-flex-fliesenkleber-fk-x-mega","title":{"rendered":"Flex-Fliesenkleber FK X MEGA"},"content":{"rendered":"<p><span dir=\"ltr\">Rywalit<\/span><span dir=\"ltr\">\u00ae<\/span><span dir=\"ltr\"> FK X MEGA zeichnet sich durch sehr gute Verarbeitungseigenschaften, sowie die extrem hohe Flexibilit\u00e4t und Verformbarkeit <\/span><span dir=\"ltr\">aus. Der Rywalit<\/span><span dir=\"ltr\">\u00ae<\/span><span dir=\"ltr\"> FK X MEGA baut Spannungen ab und wirkt dadurch entkoppelnd. Der FK X MEGA ist ideal geeignet zum Verkleben von <\/span><span dir=\"ltr\">gro\u00dfformatigen, d\u00fcnnschichtigen Feinsteinzeugfliesen und als D\u00fcnnbettm\u00f6rtel auf Hohlraumb\u00f6den und Trockenestrichen. Durch seine <\/span><span dir=\"ltr\">spezielle M\u00f6rtelmatrix mit Spannung abbauender Wirkung, eignet sich der FK X MEGA besonders auf Untergr\u00fcnden im Bereich der <\/span><span dir=\"ltr\">Sanierung, Renovierung, wo eine zus\u00e4tzliche Entkopplung notwendig ist. Genauere Informationen entnehmen Sie bitte der <\/span><span dir=\"ltr\">Technicel<\/span><span dir=\"ltr\">\u00ae<\/span><span dir=\"ltr\">Systeml\u00f6sung: \u201eSpannungen sicher abbauen\u201c<\/span><span dir=\"ltr\">. Weitere Anwendungsbereiche sind das Verkleben von Wand- und Bodenplatten, <\/span><span dir=\"ltr\">insbesondere Feinsteinzeugfliesen, Mosaik und Glasmosaik, Spaltplatten und -riemchen, sowie verf\u00e4rbungs- und verformungsunempfindliche <\/span><span dir=\"ltr\">Natur- und Kunststeinplatten.<\/span><span dir=\"ltr\">In Wohnbereichen, Gewerbe- und Industrie sowie Feucht- und Na\u00dfr\u00e4umen, im Au\u00dfenbereich auf Balkonen und Terrassen, zur Verklebung <\/span><span dir=\"ltr\">unserer Technicel<\/span><span dir=\"ltr\">\u00ae<\/span><span dir=\"ltr\">-Rywalit<\/span><span dir=\"ltr\">\u00ae<\/span><span dir=\"ltr\"> Dichtbahn und den Rywatex D\u00e4mm- und Entkopplungsplatten.<\/span><\/p>\n<p>Trocken lagern, im verschlossenen Originalgebinde: 12 Monate lagerf\u00e4hig.<\/p>\n<p>&nbsp;<\/p>\n","protected":false},"excerpt":{"rendered":"<p><img loading=\"lazy\" decoding=\"async\" class=\"alignnone wp-image-2672 size-full\" src=\"http:\/\/www.fliesen-alto.com\/wp-content\/uploads\/2021\/03\/rywalit-e1616015385500.jpg\" alt=\"\" width=\"150\" height=\"28\" \/><\/p>\n<p><strong>Lieferform: 20 kg Sack<\/strong><\/p>\n<p>Hochflexibler zement\u00e4rer D\u00fcnnbettm\u00f6rtel nach DIN EN 12004 C2 TE S2 f\u00fcr die besonders sichere Verklebung von Feinsteinzeug, speziell geeignet f\u00fcr die Verlegung von gro\u00dfformatigen XXL-Fliesen, f\u00fcr die Verklebung auf Heizestrichen, auf jungen, unbeheizten Zementestrichen, mit Flie\u00dfbetteigenschaften, f\u00fcr innen und au\u00dfen.<\/p>\n<p><strong>Download:<\/strong> <a href=\"http:\/\/www.fliesen-alto.com\/wp-content\/uploads\/2021\/03\/DE_Rywalit-FK-X-MEGA_1912-385-1585651637.pdf\" target=\"_blank\" rel=\"noopener\">Produktblatt Fliesenkleber FK X MEGA<\/a><\/p>\n<p><img loading=\"lazy\" decoding=\"async\" class=\"alignnone size-full wp-image-2702\" src=\"http:\/\/www.fliesen-alto.com\/wp-content\/uploads\/2021\/03\/c2tes2-e1616877254410.jpg\" alt=\"\" width=\"80\" height=\"80\" \/>\u00a0<img loading=\"lazy\" decoding=\"async\" class=\"alignnone wp-image-2684 size-full\" src=\"http:\/\/www.fliesen-alto.com\/wp-content\/uploads\/2021\/03\/flexmoertel-e1616017496158.jpg\" alt=\"\" width=\"116\" height=\"80\" \/><\/p>\n","protected":false},"featured_media":2704,"comment_status":"closed","ping_status":"closed","template":"","meta":[],"product_brand":[],"product_cat":[91],"product_tag":[101,97,98],"class_list":{"0":"post-2701","1":"product","2":"type-product","3":"status-publish","4":"has-post-thumbnail","6":"product_cat-fliesenkleber","7":"product_tag-fk-x-mega","8":"product_tag-fliesenkleber","9":"product_tag-kleber","11":"first","12":"instock","13":"taxable","14":"shipping-taxable","15":"purchasable","16":"product-type-simple"},"jetpack_sharing_enabled":true,"_links":{"self":[{"href":"https:\/\/fliesen-alto.de\/index.php?rest_route=\/wp\/v2\/product\/2701","targetHints":{"allow":["GET"]}}],"collection":[{"href":"https:\/\/fliesen-alto.de\/index.php?rest_route=\/wp\/v2\/product"}],"about":[{"href":"https:\/\/fliesen-alto.de\/index.php?rest_route=\/wp\/v2\/types\/product"}],"replies":[{"embeddable":true,"href":"https:\/\/fliesen-alto.de\/index.php?rest_route=%2Fwp%2Fv2%2Fcomments&post=2701"}],"wp:featuredmedia":[{"embeddable":true,"href":"https:\/\/fliesen-alto.de\/index.php?rest_route=\/wp\/v2\/media\/2704"}],"wp:attachment":[{"href":"https:\/\/fliesen-alto.de\/index.php?rest_route=%2Fwp%2Fv2%2Fmedia&parent=2701"}],"wp:term":[{"taxonomy":"product_brand","embeddable":true,"href":"https:\/\/fliesen-alto.de\/index.php?rest_route=%2Fwp%2Fv2%2Fproduct_brand&post=2701"},{"taxonomy":"product_cat","embeddable":true,"href":"https:\/\/fliesen-alto.de\/index.php?rest_route=%2Fwp%2Fv2%2Fproduct_cat&post=2701"},{"taxonomy":"product_tag","embeddable":true,"href":"https:\/\/fliesen-alto.de\/index.php?rest_route=%2Fwp%2Fv2%2Fproduct_tag&post=2701"}],"curies":[{"name":"wp","href":"https:\/\/api.w.org\/{rel}","templated":true}]}}