{"id":2678,"date":"2021-03-17T22:11:46","date_gmt":"2021-03-17T21:11:46","guid":{"rendered":"http:\/\/www.fliesen-alto.com\/?post_type=product&#038;p=2678"},"modified":"2023-02-01T16:49:07","modified_gmt":"2023-02-01T15:49:07","slug":"rywalit-qualitaets-fliesenkleber-fk-ii","status":"publish","type":"product","link":"https:\/\/fliesen-alto.de\/?product=rywalit-qualitaets-fliesenkleber-fk-ii","title":{"rendered":"Qualit\u00e4ts-Fliesenkleber FK II"},"content":{"rendered":"<p>Rywalit\u00ae FK II ist geeignet zum Verkleben von Wand- und Bodenplatten, f\u00fcr Steingut- Steinzeug- und Feinsteinzeugfliesen, Mosaik und Glasmosaik, Spaltplatten und -riemchen, sowie verf\u00e4rbungs- und verformungsunempfindliche Natur- und Kunststeinplatten.In Wohnbereichen, Gewerbe- und Industrie sowie Feucht- und Nassr\u00e4umen. Im Au\u00dfenbereich auf Balkonen und Terrassen. Hier empfehlen wir die Verg\u00fcten des Rywalit\u00ae FK II mit unserer fl\u00fcssigen Kunstharzdispersion Rywalit\u00ae Flexan 900. Bei gro\u00dfformatigen Fliesen, ab einer Kantenl\u00e4nge \u2265 60 cm, empfehlen wir eine Verklebung mit einem unserer hoch kunststoffverg\u00fcteten Flex-Fliesenkleber aus der FK X Reihe.<\/p>\n<p>Trocken lagern, im verschlossenen Originalgebinde: 12 Monate lagerf\u00e4hig.<\/p>\n","protected":false},"excerpt":{"rendered":"<p><img loading=\"lazy\" decoding=\"async\" class=\"alignnone wp-image-2672 size-full\" src=\"http:\/\/www.fliesen-alto.com\/wp-content\/uploads\/2021\/03\/rywalit-e1616015385500.jpg\" alt=\"\" width=\"150\" height=\"28\" \/><\/p>\n<p><strong>Lieferform: 25 kg Sack<br \/>\n<\/strong><\/p>\n<p>Flexibler D\u00fcnnbettm\u00f6rtel zum Verkleben von Wand- und Bodenfliesen f\u00fcr innen und au\u00dfen, wasserfest und frostbest\u00e4ndig, C2 TE &#8211; gepr\u00fcft nach DIN EN 12004<\/p>\n<p><strong>Download:<\/strong> <a href=\"http:\/\/www.fliesen-alto.com\/wp-content\/uploads\/2021\/03\/DE_Rywalit-FK-II_1912-6-1585651606.pdf\" target=\"_blank\" rel=\"noopener\">Produktblatt Fliesenkleber FK II<\/a><\/p>\n<p><img loading=\"lazy\" decoding=\"async\" class=\"alignnone wp-image-2682 size-full\" src=\"http:\/\/www.fliesen-alto.com\/wp-content\/uploads\/2021\/03\/c2te-e1616017236650.jpg\" alt=\"\" width=\"80\" height=\"80\" \/><\/p>\n","protected":false},"featured_media":2681,"comment_status":"closed","ping_status":"closed","template":"","meta":[],"product_brand":[],"product_cat":[91],"product_tag":[100,97,98],"class_list":{"0":"post-2678","1":"product","2":"type-product","3":"status-publish","4":"has-post-thumbnail","6":"product_cat-fliesenkleber","7":"product_tag-fk-ii","8":"product_tag-fliesenkleber","9":"product_tag-kleber","11":"first","12":"instock","13":"taxable","14":"shipping-taxable","15":"purchasable","16":"product-type-simple"},"jetpack_sharing_enabled":true,"_links":{"self":[{"href":"https:\/\/fliesen-alto.de\/index.php?rest_route=\/wp\/v2\/product\/2678","targetHints":{"allow":["GET"]}}],"collection":[{"href":"https:\/\/fliesen-alto.de\/index.php?rest_route=\/wp\/v2\/product"}],"about":[{"href":"https:\/\/fliesen-alto.de\/index.php?rest_route=\/wp\/v2\/types\/product"}],"replies":[{"embeddable":true,"href":"https:\/\/fliesen-alto.de\/index.php?rest_route=%2Fwp%2Fv2%2Fcomments&post=2678"}],"wp:featuredmedia":[{"embeddable":true,"href":"https:\/\/fliesen-alto.de\/index.php?rest_route=\/wp\/v2\/media\/2681"}],"wp:attachment":[{"href":"https:\/\/fliesen-alto.de\/index.php?rest_route=%2Fwp%2Fv2%2Fmedia&parent=2678"}],"wp:term":[{"taxonomy":"product_brand","embeddable":true,"href":"https:\/\/fliesen-alto.de\/index.php?rest_route=%2Fwp%2Fv2%2Fproduct_brand&post=2678"},{"taxonomy":"product_cat","embeddable":true,"href":"https:\/\/fliesen-alto.de\/index.php?rest_route=%2Fwp%2Fv2%2Fproduct_cat&post=2678"},{"taxonomy":"product_tag","embeddable":true,"href":"https:\/\/fliesen-alto.de\/index.php?rest_route=%2Fwp%2Fv2%2Fproduct_tag&post=2678"}],"curies":[{"name":"wp","href":"https:\/\/api.w.org\/{rel}","templated":true}]}}