{"id":2633,"date":"2021-03-16T14:56:12","date_gmt":"2021-03-16T13:56:12","guid":{"rendered":"http:\/\/www.fliesen-alto.com\/?post_type=product&#038;p=2633"},"modified":"2023-02-01T16:50:36","modified_gmt":"2023-02-01T15:50:36","slug":"fliesenkleber-fk-x","status":"publish","type":"product","link":"https:\/\/fliesen-alto.de\/?product=fliesenkleber-fk-x","title":{"rendered":"Flex-Fliesenkleber FK X"},"content":{"rendered":"<p>Rywalit\u00ae FK X Flex-Fliesenkleber ist geeignet zum Verkleben von Wand- und Bodenplatten, insbesondere Feinsteinzeugfliesen, Mosaik und Glasmosaik, Spaltplatten und -riemchen, sowie verf\u00e4rbungs- und verformungsunempfindliche Natur- und Kunststeinplatten.In Wohnbereichen, Gewerbe- und Industrie sowie Feucht- und Na\u00dfr\u00e4umen, im Au\u00dfenbereich auf Balkonen und Terrassen, zur Verklebung unserer Technicel\u00ae-Rywalit\u00ae Dichtbahn, der Technicel\u00ae Entkopplungsbahn TEM 100 und der Technicel\u00ae Entkopplungs- und Abdichtungsbahn TEAM 100<\/p>\n<p>Trocken lagern, im verschlossenen Originalgebinde: 12 Monate lagerf\u00e4hig.<\/p>\n<p>&nbsp;<\/p>\n","protected":false},"excerpt":{"rendered":"<p><img loading=\"lazy\" decoding=\"async\" class=\"alignnone wp-image-2672 size-full\" src=\"http:\/\/www.fliesen-alto.com\/wp-content\/uploads\/2021\/03\/rywalit-e1616015385500.jpg\" alt=\"\" width=\"150\" height=\"28\" \/><\/p>\n<p><strong>Lieferform: 25 kg Sack<\/strong><\/p>\n<p>Flexibler D\u00fcnnbettm\u00f6rtel f\u00fcr innen und au\u00dfen, universell einsetzbar, wasser-, wetter- und frostfest. Speziell f\u00fcr die Verklebung auf Heizestrichen, Terrassen, Balkonen etc. und f\u00fcr Feinsteinzeug geeignet. Gepr\u00fcft nach C2 TE S1 der DIN EN 120<\/p>\n<p><strong>Download:<\/strong> <a href=\"http:\/\/www.fliesen-alto.com\/wp-content\/uploads\/2021\/03\/DE_Rywalit-FK-X_1912-7-1585651662.pdf\" target=\"_blank\" rel=\"noopener\">Produktblatt Fliesenkleber FK X<\/a><\/p>\n<p><img loading=\"lazy\" decoding=\"async\" class=\"alignnone size-full wp-image-2683\" src=\"http:\/\/www.fliesen-alto.com\/wp-content\/uploads\/2021\/03\/c2tes1-e1616017423199.jpg\" alt=\"\" width=\"80\" height=\"80\" \/> <img loading=\"lazy\" decoding=\"async\" class=\"alignnone wp-image-2684 size-full\" src=\"http:\/\/www.fliesen-alto.com\/wp-content\/uploads\/2021\/03\/flexmoertel-e1616017496158.jpg\" alt=\"\" width=\"116\" height=\"80\" \/><\/p>\n","protected":false},"featured_media":2677,"comment_status":"closed","ping_status":"closed","template":"","meta":[],"product_brand":[],"product_cat":[91],"product_tag":[99,97,98],"class_list":{"0":"post-2633","1":"product","2":"type-product","3":"status-publish","4":"has-post-thumbnail","6":"product_cat-fliesenkleber","7":"product_tag-fk-x","8":"product_tag-fliesenkleber","9":"product_tag-kleber","11":"first","12":"instock","13":"taxable","14":"shipping-taxable","15":"purchasable","16":"product-type-simple"},"jetpack_sharing_enabled":true,"_links":{"self":[{"href":"https:\/\/fliesen-alto.de\/index.php?rest_route=\/wp\/v2\/product\/2633","targetHints":{"allow":["GET"]}}],"collection":[{"href":"https:\/\/fliesen-alto.de\/index.php?rest_route=\/wp\/v2\/product"}],"about":[{"href":"https:\/\/fliesen-alto.de\/index.php?rest_route=\/wp\/v2\/types\/product"}],"replies":[{"embeddable":true,"href":"https:\/\/fliesen-alto.de\/index.php?rest_route=%2Fwp%2Fv2%2Fcomments&post=2633"}],"wp:featuredmedia":[{"embeddable":true,"href":"https:\/\/fliesen-alto.de\/index.php?rest_route=\/wp\/v2\/media\/2677"}],"wp:attachment":[{"href":"https:\/\/fliesen-alto.de\/index.php?rest_route=%2Fwp%2Fv2%2Fmedia&parent=2633"}],"wp:term":[{"taxonomy":"product_brand","embeddable":true,"href":"https:\/\/fliesen-alto.de\/index.php?rest_route=%2Fwp%2Fv2%2Fproduct_brand&post=2633"},{"taxonomy":"product_cat","embeddable":true,"href":"https:\/\/fliesen-alto.de\/index.php?rest_route=%2Fwp%2Fv2%2Fproduct_cat&post=2633"},{"taxonomy":"product_tag","embeddable":true,"href":"https:\/\/fliesen-alto.de\/index.php?rest_route=%2Fwp%2Fv2%2Fproduct_tag&post=2633"}],"curies":[{"name":"wp","href":"https:\/\/api.w.org\/{rel}","templated":true}]}}